{"id":421,"date":"2023-06-16T15:49:37","date_gmt":"2023-06-16T13:49:37","guid":{"rendered":"https:\/\/louego.be\/?post_type=product&#038;p=421"},"modified":"2024-04-15T14:02:29","modified_gmt":"2024-04-15T12:02:29","slug":"thule-square-bar","status":"publish","type":"product","link":"https:\/\/louego.be\/fr\/produit\/thule-square-bar\/","title":{"rendered":"Thule Square Bar"},"content":{"rendered":"<p>Nous avons des barres de toit en stock pour 95 % de toutes les voitures (avec diff\u00e9rents points de montage ou types de toit, comme avec un puits de lumi\u00e8re). Faites-nous savoir au moment du d\u00e9part quel type de voiture vous avez. De cette fa\u00e7on, nous pouvons vous pr\u00e9parer les barres de toit qui vous conviennent.<\/p>\n<p>Impossible pour les cabriolets.<\/p>","protected":false},"excerpt":{"rendered":"<p>We hebben dakdragers op voorraad voor 95% van alle auto's (met verschillende bevestigingspunten of soorten daken zoals met een dakraam). Laat ons in de check-out weten welk type wagen je hebt. Op die manier kunnen we de juiste dakdragers voor je klaarleggen. Niet mogelijk voor cabrio's.<\/p>","protected":false},"featured_media":417,"template":"","meta":{"_acf_changed":false},"product_brand":[],"product_cat":[79],"product_tag":[],"class_list":{"0":"post-421","1":"product","2":"type-product","3":"status-publish","4":"has-post-thumbnail","6":"product_cat-dakdrager","8":"first","9":"instock","10":"sold-individually","11":"shipping-taxable","12":"purchasable","13":"product-type-simple"},"exclude_global_add_ons":false,"addons":[{"name":"Options","type":"checkbox","position":0,"required":false,"title_format":"hide","default":"","description_enable":true,"description":"Schoonmaak: Dit zijn de kosten voor het schoonmaken van het product voor en na het gebruik van het product.\r\nAnnulatieverzekering: Dit zijn de kosten voor de annulatieverzekering, zo kan je tot 24u voor gebruik annuleren.","placeholder_enable":false,"placeholder":"","display":"select","restrictions_type":"any_text","adjust_price":false,"price":"","price_type":"flat_fee","restrictions":false,"min":"0","max":"0","options":[{"label":"Schoonmaak","price":"10","price_type":"quantity_based","image":0,"visibility":true},{"label":"Annulatieverzekering","price":"10","price_type":"quantity_based","image":0,"visibility":true}],"id":1707303174}],"acf":[],"yoast_head":"<!-- This site is optimized with the Yoast SEO plugin v26.4 - https:\/\/yoast.com\/wordpress\/plugins\/seo\/ -->\n<title>Huur de Thule Square Bar-dakdragers voor veelzijdig transport<\/title>\n<meta name=\"description\" content=\"Huur de Thule Square Bar-dakdragers bij Louego voor veelzijdig transport van uw spullen. Vertrouw op een stevige en betrouwbare oplossing voor uw bagage.\" \/>\n<meta name=\"robots\" content=\"index, follow, max-snippet:-1, max-image-preview:large, max-video-preview:-1\" \/>\n<link rel=\"canonical\" href=\"https:\/\/louego.be\/fr\/produit\/thule-square-bar\/\" \/>\n<meta property=\"og:locale\" content=\"fr_FR\" \/>\n<meta property=\"og:type\" content=\"article\" \/>\n<meta property=\"og:title\" content=\"Huur de Thule Square Bar-dakdragers voor veelzijdig transport\" \/>\n<meta property=\"og:description\" content=\"Huur de Thule Square Bar-dakdragers bij Louego voor veelzijdig transport van uw spullen. Vertrouw op een stevige en betrouwbare oplossing voor uw bagage.\" \/>\n<meta property=\"og:url\" content=\"https:\/\/louego.be\/fr\/produit\/thule-square-bar\/\" \/>\n<meta property=\"og:site_name\" content=\"Louego\" \/>\n<meta property=\"article:modified_time\" content=\"2024-04-15T12:02:29+00:00\" \/>\n<meta property=\"og:image\" content=\"http:\/\/louego.be\/wp-content\/uploads\/2023\/06\/Small-Thule_EVO_RaisedRail_Squarebar_Black_US_Iso-copy-e1687362356417.jpg\" \/>\n\t<meta property=\"og:image:width\" content=\"1230\" \/>\n\t<meta property=\"og:image:height\" content=\"1061\" \/>\n\t<meta property=\"og:image:type\" content=\"image\/jpeg\" \/>\n<meta name=\"twitter:card\" content=\"summary_large_image\" \/>\n<meta name=\"twitter:label1\" content=\"Dur\u00e9e de lecture est.\" \/>\n\t<meta name=\"twitter:data1\" content=\"1 minute\" \/>\n<script type=\"application\/ld+json\" class=\"yoast-schema-graph\">{\"@context\":\"https:\/\/schema.org\",\"@graph\":[{\"@type\":\"WebPage\",\"@id\":\"https:\/\/louego.be\/product\/thule-square-bar\/\",\"url\":\"https:\/\/louego.be\/product\/thule-square-bar\/\",\"name\":\"Huur de Thule Square Bar-dakdragers voor veelzijdig transport\",\"isPartOf\":{\"@id\":\"https:\/\/louego.be\/#website\"},\"primaryImageOfPage\":{\"@id\":\"https:\/\/louego.be\/product\/thule-square-bar\/#primaryimage\"},\"image\":{\"@id\":\"https:\/\/louego.be\/product\/thule-square-bar\/#primaryimage\"},\"thumbnailUrl\":\"https:\/\/louego.be\/wp-content\/uploads\/2023\/06\/Small-Thule_EVO_RaisedRail_Squarebar_Black_US_Iso-copy-e1687362356417.jpg\",\"datePublished\":\"2023-06-16T13:49:37+00:00\",\"dateModified\":\"2024-04-15T12:02:29+00:00\",\"description\":\"Huur de Thule Square Bar-dakdragers bij Louego voor veelzijdig transport van uw spullen. Vertrouw op een stevige en betrouwbare oplossing voor uw bagage.\",\"breadcrumb\":{\"@id\":\"https:\/\/louego.be\/product\/thule-square-bar\/#breadcrumb\"},\"inLanguage\":\"fr-BE\",\"potentialAction\":[{\"@type\":\"ReadAction\",\"target\":[\"https:\/\/louego.be\/product\/thule-square-bar\/\"]}]},{\"@type\":\"ImageObject\",\"inLanguage\":\"fr-BE\",\"@id\":\"https:\/\/louego.be\/product\/thule-square-bar\/#primaryimage\",\"url\":\"https:\/\/louego.be\/wp-content\/uploads\/2023\/06\/Small-Thule_EVO_RaisedRail_Squarebar_Black_US_Iso-copy-e1687362356417.jpg\",\"contentUrl\":\"https:\/\/louego.be\/wp-content\/uploads\/2023\/06\/Small-Thule_EVO_RaisedRail_Squarebar_Black_US_Iso-copy-e1687362356417.jpg\",\"width\":1230,\"height\":1061},{\"@type\":\"BreadcrumbList\",\"@id\":\"https:\/\/louego.be\/product\/thule-square-bar\/#breadcrumb\",\"itemListElement\":[{\"@type\":\"ListItem\",\"position\":1,\"name\":\"Home\",\"item\":\"https:\/\/louego.be\/\"},{\"@type\":\"ListItem\",\"position\":2,\"name\":\"Winkel\",\"item\":\"https:\/\/louego.be\/winkel\/\"},{\"@type\":\"ListItem\",\"position\":3,\"name\":\"Thule Square Bar\"}]},{\"@type\":\"WebSite\",\"@id\":\"https:\/\/louego.be\/#website\",\"url\":\"https:\/\/louego.be\/\",\"name\":\"Louego\",\"description\":\"\",\"potentialAction\":[{\"@type\":\"SearchAction\",\"target\":{\"@type\":\"EntryPoint\",\"urlTemplate\":\"https:\/\/louego.be\/?s={search_term_string}\"},\"query-input\":{\"@type\":\"PropertyValueSpecification\",\"valueRequired\":true,\"valueName\":\"search_term_string\"}}],\"inLanguage\":\"fr-BE\"}]}<\/script>\n<!-- \/ Yoast SEO plugin. -->","yoast_head_json":{"title":"Location des barres de toit Thule Square Bar | Louego","description":"Louez les barres de toit Thule Square Bar chez Louego pour un transport polyvalent de vos affaires. Faites confiance \u00e0 une solution robuste pour vos bagages.","robots":{"index":"index","follow":"follow","max-snippet":"max-snippet:-1","max-image-preview":"max-image-preview:large","max-video-preview":"max-video-preview:-1"},"canonical":"https:\/\/louego.be\/fr\/produit\/thule-square-bar\/","og_locale":"fr_FR","og_type":"article","og_title":"Huur de Thule Square Bar-dakdragers voor veelzijdig transport","og_description":"Huur de Thule Square Bar-dakdragers bij Louego voor veelzijdig transport van uw spullen. Vertrouw op een stevige en betrouwbare oplossing voor uw bagage.","og_url":"https:\/\/louego.be\/fr\/produit\/thule-square-bar\/","og_site_name":"Louego","article_modified_time":"2024-04-15T12:02:29+00:00","og_image":[{"width":1230,"height":1061,"url":"http:\/\/louego.be\/wp-content\/uploads\/2023\/06\/Small-Thule_EVO_RaisedRail_Squarebar_Black_US_Iso-copy-e1687362356417.jpg","type":"image\/jpeg"}],"twitter_card":"summary_large_image","twitter_misc":{"Dur\u00e9e de lecture est.":"1 minute"},"schema":{"@context":"https:\/\/schema.org","@graph":[{"@type":"WebPage","@id":"https:\/\/louego.be\/product\/thule-square-bar\/","url":"https:\/\/louego.be\/product\/thule-square-bar\/","name":"Location des barres de toit Thule Square Bar | Louego","isPartOf":{"@id":"https:\/\/louego.be\/#website"},"primaryImageOfPage":{"@id":"https:\/\/louego.be\/product\/thule-square-bar\/#primaryimage"},"image":{"@id":"https:\/\/louego.be\/product\/thule-square-bar\/#primaryimage"},"thumbnailUrl":"https:\/\/louego.be\/wp-content\/uploads\/2023\/06\/Small-Thule_EVO_RaisedRail_Squarebar_Black_US_Iso-copy-e1687362356417.jpg","datePublished":"2023-06-16T13:49:37+00:00","dateModified":"2024-04-15T12:02:29+00:00","description":"Louez les barres de toit Thule Square Bar chez Louego pour un transport polyvalent de vos affaires. Faites confiance \u00e0 une solution robuste pour vos bagages.","breadcrumb":{"@id":"https:\/\/louego.be\/product\/thule-square-bar\/#breadcrumb"},"inLanguage":"fr-BE","potentialAction":[{"@type":"ReadAction","target":["https:\/\/louego.be\/product\/thule-square-bar\/"]}]},{"@type":"ImageObject","inLanguage":"fr-BE","@id":"https:\/\/louego.be\/product\/thule-square-bar\/#primaryimage","url":"https:\/\/louego.be\/wp-content\/uploads\/2023\/06\/Small-Thule_EVO_RaisedRail_Squarebar_Black_US_Iso-copy-e1687362356417.jpg","contentUrl":"https:\/\/louego.be\/wp-content\/uploads\/2023\/06\/Small-Thule_EVO_RaisedRail_Squarebar_Black_US_Iso-copy-e1687362356417.jpg","width":1230,"height":1061},{"@type":"BreadcrumbList","@id":"https:\/\/louego.be\/product\/thule-square-bar\/#breadcrumb","itemListElement":[{"@type":"ListItem","position":1,"name":"Home","item":"https:\/\/louego.be\/"},{"@type":"ListItem","position":2,"name":"Winkel","item":"https:\/\/louego.be\/winkel\/"},{"@type":"ListItem","position":3,"name":"Thule Square Bar"}]},{"@type":"WebSite","@id":"https:\/\/louego.be\/#website","url":"https:\/\/louego.be\/","name":"Louego","description":"","potentialAction":[{"@type":"SearchAction","target":{"@type":"EntryPoint","urlTemplate":"https:\/\/louego.be\/?s={search_term_string}"},"query-input":{"@type":"PropertyValueSpecification","valueRequired":true,"valueName":"search_term_string"}}],"inLanguage":"fr-BE"}]}},"_links":{"self":[{"href":"https:\/\/louego.be\/fr\/wp-json\/wp\/v2\/product\/421","targetHints":{"allow":["GET"]}}],"collection":[{"href":"https:\/\/louego.be\/fr\/wp-json\/wp\/v2\/product"}],"about":[{"href":"https:\/\/louego.be\/fr\/wp-json\/wp\/v2\/types\/product"}],"wp:featuredmedia":[{"embeddable":true,"href":"https:\/\/louego.be\/fr\/wp-json\/wp\/v2\/media\/417"}],"wp:attachment":[{"href":"https:\/\/louego.be\/fr\/wp-json\/wp\/v2\/media?parent=421"}],"wp:term":[{"taxonomy":"product_brand","embeddable":true,"href":"https:\/\/louego.be\/fr\/wp-json\/wp\/v2\/product_brand?post=421"},{"taxonomy":"product_cat","embeddable":true,"href":"https:\/\/louego.be\/fr\/wp-json\/wp\/v2\/product_cat?post=421"},{"taxonomy":"product_tag","embeddable":true,"href":"https:\/\/louego.be\/fr\/wp-json\/wp\/v2\/product_tag?post=421"}],"curies":[{"name":"wp","href":"https:\/\/api.w.org\/{rel}","templated":true}]}}