{"id":370,"date":"2023-06-16T14:23:07","date_gmt":"2023-06-16T12:23:07","guid":{"rendered":"https:\/\/louego.be\/?post_type=product&#038;p=370"},"modified":"2024-07-16T08:37:18","modified_gmt":"2024-07-16T06:37:18","slug":"thule-easyfold-xt-2","status":"publish","type":"product","link":"https:\/\/louego.be\/fr\/produit\/thule-easyfold-xt-2\/","title":{"rendered":"Thule  EasyFold XT 2"},"content":{"rendered":"<div class=\"opgelet\">\n<div style=\"color: #ffffff;\"><strong>!! ATTENTION !!<\/strong><\/div>\n<p><em>Ce porte-v\u00e9los convient \u00e0 un attelage normal ou \u00e0 un attelage Fix4Bike, mais PAS aux attelages ci-dessous :<\/em><\/p>\n<\/div>\n<p><img class=\"alignnone wp-image-1899 size-medium\" src=\"http:\/\/louego.be\/wp-content\/uploads\/2023\/06\/afbeelding-trekhaak-LOUEGO-300x76.jpg\" alt=\"\" width=\"300\" height=\"76\" \/><\/p>","protected":false},"excerpt":{"rendered":"<p>Ce porte-v\u00e9los convient \u00e0 un attelage normal ou \u00e0 un attelage Fix4Bike, mais PAS aux attelages ci-dessous :<\/p>","protected":false},"featured_media":377,"template":"","meta":{"_acf_changed":false},"product_brand":[],"product_cat":[65,66],"product_tag":[],"class_list":{"0":"post-370","1":"product","2":"type-product","3":"status-publish","4":"has-post-thumbnail","6":"product_cat-fietsdrager","7":"product_cat-tot-2-elektrische-fietsen","9":"first","10":"instock","11":"sold-individually","12":"shipping-taxable","13":"purchasable","14":"product-type-simple"},"exclude_global_add_ons":false,"addons":[{"name":"Nummerplaat","type":"checkbox","position":0,"required":false,"title_format":"hide","default":"","description_enable":true,"description":"Une plaque d'immatriculation suppl\u00e9mentaire est n\u00e9cessaire pour un porte-v\u00e9lo ou une bo\u00eete d'attelage. Si vous n'en avez pas, vous pouvez en faire fabriquer une sur place pour 19,95 euros.","placeholder_enable":false,"placeholder":"","display":"select","restrictions_type":"any_text","adjust_price":false,"price":"","price_type":"flat_fee","restrictions":false,"min":"0","max":"0","options":[{"label":"Extra Nummerplaat","price":"19.95","price_type":"quantity_based","image":0,"visibility":true}],"id":1741108230},{"name":"Inscrivez ici la plaque d'immatriculation souhait\u00e9e","type":"custom_text","position":1,"required":false,"title_format":"label","default":"","description_enable":false,"description":"","placeholder_enable":true,"placeholder":"1-ABC-123","display":"select","restrictions_type":"any_text","adjust_price":false,"price":"","price_type":"flat_fee","restrictions":true,"min":"0","max":"9","options":[],"id":1741108231},{"name":"Options","type":"checkbox","position":0,"required":false,"title_format":"hide","default":"","description_enable":true,"description":"Schoonmaak: Dit zijn de kosten voor het schoonmaken van het product voor en na het gebruik van het product.\r\nAnnulatieverzekering: Dit zijn de kosten voor de annulatieverzekering, zo kan je tot 24u voor gebruik annuleren.","placeholder_enable":false,"placeholder":"","display":"select","restrictions_type":"any_text","adjust_price":false,"price":"","price_type":"flat_fee","restrictions":false,"min":"0","max":"0","options":[{"label":"Schoonmaak","price":"10","price_type":"quantity_based","image":0,"visibility":true},{"label":"Annulatieverzekering","price":"10","price_type":"quantity_based","image":0,"visibility":true}],"id":1707303174}],"acf":[],"yoast_head":"<!-- This site is optimized with the Yoast SEO plugin v26.4 - https:\/\/yoast.com\/wordpress\/plugins\/seo\/ -->\n<title>Thule EasyFold XT 2-fietsdrager huren voor uw autoreis | Louego<\/title>\n<meta name=\"description\" content=\"Huur de Thule EasyFold XT 2-fietsdrager bij Louego voor gemakkelijk en veilig transport van uw fietsen. Geniet van een zorgeloze fietsvakantie.\" \/>\n<meta name=\"robots\" content=\"index, follow, max-snippet:-1, max-image-preview:large, max-video-preview:-1\" \/>\n<link rel=\"canonical\" href=\"https:\/\/louego.be\/fr\/produit\/thule-easyfold-xt-2\/\" \/>\n<meta property=\"og:locale\" content=\"fr_FR\" \/>\n<meta property=\"og:type\" content=\"article\" \/>\n<meta property=\"og:title\" content=\"Thule EasyFold XT 2-fietsdrager huren voor uw autoreis | Louego\" \/>\n<meta property=\"og:description\" content=\"Huur de Thule EasyFold XT 2-fietsdrager bij Louego voor gemakkelijk en veilig transport van uw fietsen. Geniet van een zorgeloze fietsvakantie.\" \/>\n<meta property=\"og:url\" content=\"https:\/\/louego.be\/fr\/produit\/thule-easyfold-xt-2\/\" \/>\n<meta property=\"og:site_name\" content=\"Louego\" \/>\n<meta property=\"article:modified_time\" content=\"2024-07-16T06:37:18+00:00\" \/>\n<meta property=\"og:image\" content=\"http:\/\/louego.be\/wp-content\/uploads\/2023\/06\/Small-Thule_EasyFoldXT_Black_2b_Iso_933107.jpg\" \/>\n\t<meta property=\"og:image:width\" content=\"1500\" \/>\n\t<meta property=\"og:image:height\" content=\"1061\" \/>\n\t<meta property=\"og:image:type\" content=\"image\/jpeg\" \/>\n<meta name=\"twitter:card\" content=\"summary_large_image\" \/>\n<meta name=\"twitter:label1\" content=\"Dur\u00e9e de lecture est.\" \/>\n\t<meta name=\"twitter:data1\" content=\"1 minute\" \/>\n<script type=\"application\/ld+json\" class=\"yoast-schema-graph\">{\"@context\":\"https:\/\/schema.org\",\"@graph\":[{\"@type\":\"WebPage\",\"@id\":\"https:\/\/louego.be\/product\/thule-easyfold-xt-2\/\",\"url\":\"https:\/\/louego.be\/product\/thule-easyfold-xt-2\/\",\"name\":\"Thule EasyFold XT 2-fietsdrager huren voor uw autoreis | Louego\",\"isPartOf\":{\"@id\":\"https:\/\/louego.be\/#website\"},\"primaryImageOfPage\":{\"@id\":\"https:\/\/louego.be\/product\/thule-easyfold-xt-2\/#primaryimage\"},\"image\":{\"@id\":\"https:\/\/louego.be\/product\/thule-easyfold-xt-2\/#primaryimage\"},\"thumbnailUrl\":\"https:\/\/louego.be\/wp-content\/uploads\/2023\/06\/Small-Thule_EasyFoldXT_Black_2b_Iso_933107.jpg\",\"datePublished\":\"2023-06-16T12:23:07+00:00\",\"dateModified\":\"2024-07-16T06:37:18+00:00\",\"description\":\"Huur de Thule EasyFold XT 2-fietsdrager bij Louego voor gemakkelijk en veilig transport van uw fietsen. Geniet van een zorgeloze fietsvakantie.\",\"breadcrumb\":{\"@id\":\"https:\/\/louego.be\/product\/thule-easyfold-xt-2\/#breadcrumb\"},\"inLanguage\":\"fr-BE\",\"potentialAction\":[{\"@type\":\"ReadAction\",\"target\":[\"https:\/\/louego.be\/product\/thule-easyfold-xt-2\/\"]}]},{\"@type\":\"ImageObject\",\"inLanguage\":\"fr-BE\",\"@id\":\"https:\/\/louego.be\/product\/thule-easyfold-xt-2\/#primaryimage\",\"url\":\"https:\/\/louego.be\/wp-content\/uploads\/2023\/06\/Small-Thule_EasyFoldXT_Black_2b_Iso_933107.jpg\",\"contentUrl\":\"https:\/\/louego.be\/wp-content\/uploads\/2023\/06\/Small-Thule_EasyFoldXT_Black_2b_Iso_933107.jpg\",\"width\":1500,\"height\":1061},{\"@type\":\"BreadcrumbList\",\"@id\":\"https:\/\/louego.be\/product\/thule-easyfold-xt-2\/#breadcrumb\",\"itemListElement\":[{\"@type\":\"ListItem\",\"position\":1,\"name\":\"Home\",\"item\":\"https:\/\/louego.be\/\"},{\"@type\":\"ListItem\",\"position\":2,\"name\":\"Winkel\",\"item\":\"https:\/\/louego.be\/winkel\/\"},{\"@type\":\"ListItem\",\"position\":3,\"name\":\"Thule EasyFold XT 2\"}]},{\"@type\":\"WebSite\",\"@id\":\"https:\/\/louego.be\/#website\",\"url\":\"https:\/\/louego.be\/\",\"name\":\"Louego\",\"description\":\"\",\"potentialAction\":[{\"@type\":\"SearchAction\",\"target\":{\"@type\":\"EntryPoint\",\"urlTemplate\":\"https:\/\/louego.be\/?s={search_term_string}\"},\"query-input\":{\"@type\":\"PropertyValueSpecification\",\"valueRequired\":true,\"valueName\":\"search_term_string\"}}],\"inLanguage\":\"fr-BE\"}]}<\/script>\n<!-- \/ Yoast SEO plugin. -->","yoast_head_json":{"title":"Location de porte-v\u00e9los Thule EasyFold XT 2 | Louego","description":"Louez le porte-v\u00e9los Thule EasyFold XT 2 chez Louego pour un transport facile et s\u00fbr de vos v\u00e9los. Profitez d'une solution pratique et fiable.","robots":{"index":"index","follow":"follow","max-snippet":"max-snippet:-1","max-image-preview":"max-image-preview:large","max-video-preview":"max-video-preview:-1"},"canonical":"https:\/\/louego.be\/fr\/produit\/thule-easyfold-xt-2\/","og_locale":"fr_FR","og_type":"article","og_title":"Thule EasyFold XT 2-fietsdrager huren voor uw autoreis | Louego","og_description":"Huur de Thule EasyFold XT 2-fietsdrager bij Louego voor gemakkelijk en veilig transport van uw fietsen. Geniet van een zorgeloze fietsvakantie.","og_url":"https:\/\/louego.be\/fr\/produit\/thule-easyfold-xt-2\/","og_site_name":"Louego","article_modified_time":"2024-07-16T06:37:18+00:00","og_image":[{"width":1500,"height":1061,"url":"http:\/\/louego.be\/wp-content\/uploads\/2023\/06\/Small-Thule_EasyFoldXT_Black_2b_Iso_933107.jpg","type":"image\/jpeg"}],"twitter_card":"summary_large_image","twitter_misc":{"Dur\u00e9e de lecture est.":"1 minute"},"schema":{"@context":"https:\/\/schema.org","@graph":[{"@type":"WebPage","@id":"https:\/\/louego.be\/product\/thule-easyfold-xt-2\/","url":"https:\/\/louego.be\/product\/thule-easyfold-xt-2\/","name":"Location de porte-v\u00e9los Thule EasyFold XT 2 | Louego","isPartOf":{"@id":"https:\/\/louego.be\/#website"},"primaryImageOfPage":{"@id":"https:\/\/louego.be\/product\/thule-easyfold-xt-2\/#primaryimage"},"image":{"@id":"https:\/\/louego.be\/product\/thule-easyfold-xt-2\/#primaryimage"},"thumbnailUrl":"https:\/\/louego.be\/wp-content\/uploads\/2023\/06\/Small-Thule_EasyFoldXT_Black_2b_Iso_933107.jpg","datePublished":"2023-06-16T12:23:07+00:00","dateModified":"2024-07-16T06:37:18+00:00","description":"Louez le porte-v\u00e9los Thule EasyFold XT 2 chez Louego pour un transport facile et s\u00fbr de vos v\u00e9los. Profitez d'une solution pratique et fiable.","breadcrumb":{"@id":"https:\/\/louego.be\/product\/thule-easyfold-xt-2\/#breadcrumb"},"inLanguage":"fr-BE","potentialAction":[{"@type":"ReadAction","target":["https:\/\/louego.be\/product\/thule-easyfold-xt-2\/"]}]},{"@type":"ImageObject","inLanguage":"fr-BE","@id":"https:\/\/louego.be\/product\/thule-easyfold-xt-2\/#primaryimage","url":"https:\/\/louego.be\/wp-content\/uploads\/2023\/06\/Small-Thule_EasyFoldXT_Black_2b_Iso_933107.jpg","contentUrl":"https:\/\/louego.be\/wp-content\/uploads\/2023\/06\/Small-Thule_EasyFoldXT_Black_2b_Iso_933107.jpg","width":1500,"height":1061},{"@type":"BreadcrumbList","@id":"https:\/\/louego.be\/product\/thule-easyfold-xt-2\/#breadcrumb","itemListElement":[{"@type":"ListItem","position":1,"name":"Home","item":"https:\/\/louego.be\/"},{"@type":"ListItem","position":2,"name":"Winkel","item":"https:\/\/louego.be\/winkel\/"},{"@type":"ListItem","position":3,"name":"Thule EasyFold XT 2"}]},{"@type":"WebSite","@id":"https:\/\/louego.be\/#website","url":"https:\/\/louego.be\/","name":"Louego","description":"","potentialAction":[{"@type":"SearchAction","target":{"@type":"EntryPoint","urlTemplate":"https:\/\/louego.be\/?s={search_term_string}"},"query-input":{"@type":"PropertyValueSpecification","valueRequired":true,"valueName":"search_term_string"}}],"inLanguage":"fr-BE"}]}},"_links":{"self":[{"href":"https:\/\/louego.be\/fr\/wp-json\/wp\/v2\/product\/370","targetHints":{"allow":["GET"]}}],"collection":[{"href":"https:\/\/louego.be\/fr\/wp-json\/wp\/v2\/product"}],"about":[{"href":"https:\/\/louego.be\/fr\/wp-json\/wp\/v2\/types\/product"}],"wp:featuredmedia":[{"embeddable":true,"href":"https:\/\/louego.be\/fr\/wp-json\/wp\/v2\/media\/377"}],"wp:attachment":[{"href":"https:\/\/louego.be\/fr\/wp-json\/wp\/v2\/media?parent=370"}],"wp:term":[{"taxonomy":"product_brand","embeddable":true,"href":"https:\/\/louego.be\/fr\/wp-json\/wp\/v2\/product_brand?post=370"},{"taxonomy":"product_cat","embeddable":true,"href":"https:\/\/louego.be\/fr\/wp-json\/wp\/v2\/product_cat?post=370"},{"taxonomy":"product_tag","embeddable":true,"href":"https:\/\/louego.be\/fr\/wp-json\/wp\/v2\/product_tag?post=370"}],"curies":[{"name":"wp","href":"https:\/\/api.w.org\/{rel}","templated":true}]}}