{"id":357,"date":"2023-06-16T14:12:21","date_gmt":"2023-06-16T12:12:21","guid":{"rendered":"https:\/\/louego.be\/?post_type=product&#038;p=357"},"modified":"2024-07-11T10:50:35","modified_gmt":"2024-07-11T08:50:35","slug":"thule-arcos-l","status":"publish","type":"product","link":"https:\/\/louego.be\/fr\/produit\/thule-arcos-l\/","title":{"rendered":"Thule Arcos L"},"content":{"rendered":"<div class=\"opgelet\">\n<div style=\"color: #ffffff;\"><strong>!! ATTENTION !!<\/strong><\/div>\n<p><em>Ce bo\u00eetier d'attelage convient \u00e0 un attelage normal ou \u00e0 un attelage Fix4Bike, mais PAS aux attelages ci-dessous :<\/em><\/p>\n<\/div>\n<p><img loading=\"lazy\" decoding=\"async\" class=\"alignnone wp-image-1899 size-medium\" src=\"http:\/\/louego.be\/wp-content\/uploads\/2023\/06\/afbeelding-trekhaak-LOUEGO-300x76.jpg\" alt=\"\" width=\"300\" height=\"76\" srcset=\"https:\/\/louego.be\/wp-content\/uploads\/2023\/06\/afbeelding-trekhaak-LOUEGO-300x76.jpg 300w, https:\/\/louego.be\/wp-content\/uploads\/2023\/06\/afbeelding-trekhaak-LOUEGO-18x5.jpg 18w, https:\/\/louego.be\/wp-content\/uploads\/2023\/06\/afbeelding-trekhaak-LOUEGO.jpg 491w\" sizes=\"auto, (max-width: 300px) 100vw, 300px\" \/><\/p>","protected":false},"excerpt":{"rendered":"<p>!! OPGELET !! Deze trekhaakkoffer past op een normale trekhaak of Fix4Bike towbar, maar NIET op onderstaande trekhaken:<\/p>","protected":false},"featured_media":358,"template":"","meta":{"_acf_changed":false},"product_brand":[],"product_cat":[85,59],"product_tag":[],"class_list":{"0":"post-357","1":"product","2":"type-product","3":"status-publish","4":"has-post-thumbnail","6":"product_cat-400-l-2","7":"product_cat-trekhaakkoffer","9":"first","10":"instock","11":"sold-individually","12":"shipping-taxable","13":"purchasable","14":"product-type-simple"},"exclude_global_add_ons":false,"addons":[{"name":"Nummerplaat","type":"checkbox","position":0,"required":false,"title_format":"hide","default":"","description_enable":true,"description":"Une plaque d'immatriculation suppl\u00e9mentaire est n\u00e9cessaire pour un porte-v\u00e9lo ou une bo\u00eete d'attelage. Si vous n'en avez pas, vous pouvez en faire fabriquer une sur place pour 19,95 euros.","placeholder_enable":false,"placeholder":"","display":"select","restrictions_type":"any_text","adjust_price":false,"price":"","price_type":"flat_fee","restrictions":false,"min":"0","max":"0","options":[{"label":"Extra Nummerplaat","price":"19.95","price_type":"quantity_based","image":0,"visibility":true}],"id":1741108230},{"name":"Inscrivez ici la plaque d'immatriculation souhait\u00e9e","type":"custom_text","position":1,"required":false,"title_format":"label","default":"","description_enable":false,"description":"","placeholder_enable":true,"placeholder":"1-ABC-123","display":"select","restrictions_type":"any_text","adjust_price":false,"price":"","price_type":"flat_fee","restrictions":true,"min":"0","max":"9","options":[],"id":1741108231},{"name":"Options","type":"checkbox","position":0,"required":false,"title_format":"hide","default":"","description_enable":true,"description":"Schoonmaak: Dit zijn de kosten voor het schoonmaken van het product voor en na het gebruik van het product.\r\nAnnulatieverzekering: Dit zijn de kosten voor de annulatieverzekering, zo kan je tot 24u voor gebruik annuleren.","placeholder_enable":false,"placeholder":"","display":"select","restrictions_type":"any_text","adjust_price":false,"price":"","price_type":"flat_fee","restrictions":false,"min":"0","max":"0","options":[{"label":"Schoonmaak","price":"10","price_type":"quantity_based","image":0,"visibility":true},{"label":"Annulatieverzekering","price":"10","price_type":"quantity_based","image":0,"visibility":true}],"id":1707303174}],"acf":[],"yoast_head":"<!-- This site is optimized with the Yoast SEO plugin v26.4 - https:\/\/yoast.com\/wordpress\/plugins\/seo\/ -->\n<title>Huur de Thule Arcos L-koffer voor extra bagageruimte | Louego<\/title>\n<meta name=\"description\" content=\"Huur de Thule Arcos L-koffer bij Louego voor voldoende bagageruimte tijdens uw autoreis. Geniet van een ruime en veilige opslagoplossing voor uw bagage.\" \/>\n<meta name=\"robots\" content=\"index, follow, max-snippet:-1, max-image-preview:large, max-video-preview:-1\" \/>\n<link rel=\"canonical\" href=\"https:\/\/louego.be\/fr\/produit\/thule-arcos-l\/\" \/>\n<meta property=\"og:locale\" content=\"fr_FR\" \/>\n<meta property=\"og:type\" content=\"article\" \/>\n<meta property=\"og:title\" content=\"Huur de Thule Arcos L-koffer voor extra bagageruimte | Louego\" \/>\n<meta property=\"og:description\" content=\"Huur de Thule Arcos L-koffer bij Louego voor voldoende bagageruimte tijdens uw autoreis. Geniet van een ruime en veilige opslagoplossing voor uw bagage.\" \/>\n<meta property=\"og:url\" content=\"https:\/\/louego.be\/fr\/produit\/thule-arcos-l\/\" \/>\n<meta property=\"og:site_name\" content=\"Louego\" \/>\n<meta property=\"article:modified_time\" content=\"2024-07-11T08:50:35+00:00\" \/>\n<meta property=\"og:image\" content=\"http:\/\/louego.be\/wp-content\/uploads\/2023\/06\/Small-ThuleArcosL_906200_EROW_H_ISO.jpg\" \/>\n\t<meta property=\"og:image:width\" content=\"1500\" \/>\n\t<meta property=\"og:image:height\" content=\"1061\" \/>\n\t<meta property=\"og:image:type\" content=\"image\/jpeg\" \/>\n<meta name=\"twitter:card\" content=\"summary_large_image\" \/>\n<meta name=\"twitter:label1\" content=\"Dur\u00e9e de lecture est.\" \/>\n\t<meta name=\"twitter:data1\" content=\"1 minute\" \/>\n<script type=\"application\/ld+json\" class=\"yoast-schema-graph\">{\"@context\":\"https:\/\/schema.org\",\"@graph\":[{\"@type\":\"WebPage\",\"@id\":\"https:\/\/louego.be\/product\/thule-arcos-l\/\",\"url\":\"https:\/\/louego.be\/product\/thule-arcos-l\/\",\"name\":\"Huur de Thule Arcos L-koffer voor extra bagageruimte | Louego\",\"isPartOf\":{\"@id\":\"https:\/\/louego.be\/#website\"},\"primaryImageOfPage\":{\"@id\":\"https:\/\/louego.be\/product\/thule-arcos-l\/#primaryimage\"},\"image\":{\"@id\":\"https:\/\/louego.be\/product\/thule-arcos-l\/#primaryimage\"},\"thumbnailUrl\":\"https:\/\/louego.be\/wp-content\/uploads\/2023\/06\/Small-ThuleArcosL_906200_EROW_H_ISO.jpg\",\"datePublished\":\"2023-06-16T12:12:21+00:00\",\"dateModified\":\"2024-07-11T08:50:35+00:00\",\"description\":\"Huur de Thule Arcos L-koffer bij Louego voor voldoende bagageruimte tijdens uw autoreis. Geniet van een ruime en veilige opslagoplossing voor uw bagage.\",\"breadcrumb\":{\"@id\":\"https:\/\/louego.be\/product\/thule-arcos-l\/#breadcrumb\"},\"inLanguage\":\"fr-BE\",\"potentialAction\":[{\"@type\":\"ReadAction\",\"target\":[\"https:\/\/louego.be\/product\/thule-arcos-l\/\"]}]},{\"@type\":\"ImageObject\",\"inLanguage\":\"fr-BE\",\"@id\":\"https:\/\/louego.be\/product\/thule-arcos-l\/#primaryimage\",\"url\":\"https:\/\/louego.be\/wp-content\/uploads\/2023\/06\/Small-ThuleArcosL_906200_EROW_H_ISO.jpg\",\"contentUrl\":\"https:\/\/louego.be\/wp-content\/uploads\/2023\/06\/Small-ThuleArcosL_906200_EROW_H_ISO.jpg\",\"width\":1500,\"height\":1061},{\"@type\":\"BreadcrumbList\",\"@id\":\"https:\/\/louego.be\/product\/thule-arcos-l\/#breadcrumb\",\"itemListElement\":[{\"@type\":\"ListItem\",\"position\":1,\"name\":\"Home\",\"item\":\"https:\/\/louego.be\/\"},{\"@type\":\"ListItem\",\"position\":2,\"name\":\"Winkel\",\"item\":\"https:\/\/louego.be\/winkel\/\"},{\"@type\":\"ListItem\",\"position\":3,\"name\":\"Thule Arcos L\"}]},{\"@type\":\"WebSite\",\"@id\":\"https:\/\/louego.be\/#website\",\"url\":\"https:\/\/louego.be\/\",\"name\":\"Louego\",\"description\":\"\",\"potentialAction\":[{\"@type\":\"SearchAction\",\"target\":{\"@type\":\"EntryPoint\",\"urlTemplate\":\"https:\/\/louego.be\/?s={search_term_string}\"},\"query-input\":{\"@type\":\"PropertyValueSpecification\",\"valueRequired\":true,\"valueName\":\"search_term_string\"}}],\"inLanguage\":\"fr-BE\"}]}<\/script>\n<!-- \/ Yoast SEO plugin. -->","yoast_head_json":{"title":"Louez le coffre de toit Thule Arcos L pour votre voiture | Louego","description":"Louez le coffre de toit Thule Arcos L chez Louego pour avoir suffisamment d'espace de rangement lors de vos voyages. Une solution de stockage s\u00e9curis\u00e9e.","robots":{"index":"index","follow":"follow","max-snippet":"max-snippet:-1","max-image-preview":"max-image-preview:large","max-video-preview":"max-video-preview:-1"},"canonical":"https:\/\/louego.be\/fr\/produit\/thule-arcos-l\/","og_locale":"fr_FR","og_type":"article","og_title":"Huur de Thule Arcos L-koffer voor extra bagageruimte | Louego","og_description":"Huur de Thule Arcos L-koffer bij Louego voor voldoende bagageruimte tijdens uw autoreis. Geniet van een ruime en veilige opslagoplossing voor uw bagage.","og_url":"https:\/\/louego.be\/fr\/produit\/thule-arcos-l\/","og_site_name":"Louego","article_modified_time":"2024-07-11T08:50:35+00:00","og_image":[{"width":1500,"height":1061,"url":"http:\/\/louego.be\/wp-content\/uploads\/2023\/06\/Small-ThuleArcosL_906200_EROW_H_ISO.jpg","type":"image\/jpeg"}],"twitter_card":"summary_large_image","twitter_misc":{"Dur\u00e9e de lecture est.":"1 minute"},"schema":{"@context":"https:\/\/schema.org","@graph":[{"@type":"WebPage","@id":"https:\/\/louego.be\/product\/thule-arcos-l\/","url":"https:\/\/louego.be\/product\/thule-arcos-l\/","name":"Louez le coffre de toit Thule Arcos L pour votre voiture | Louego","isPartOf":{"@id":"https:\/\/louego.be\/#website"},"primaryImageOfPage":{"@id":"https:\/\/louego.be\/product\/thule-arcos-l\/#primaryimage"},"image":{"@id":"https:\/\/louego.be\/product\/thule-arcos-l\/#primaryimage"},"thumbnailUrl":"https:\/\/louego.be\/wp-content\/uploads\/2023\/06\/Small-ThuleArcosL_906200_EROW_H_ISO.jpg","datePublished":"2023-06-16T12:12:21+00:00","dateModified":"2024-07-11T08:50:35+00:00","description":"Louez le coffre de toit Thule Arcos L chez Louego pour avoir suffisamment d'espace de rangement lors de vos voyages. Une solution de stockage s\u00e9curis\u00e9e.","breadcrumb":{"@id":"https:\/\/louego.be\/product\/thule-arcos-l\/#breadcrumb"},"inLanguage":"fr-BE","potentialAction":[{"@type":"ReadAction","target":["https:\/\/louego.be\/product\/thule-arcos-l\/"]}]},{"@type":"ImageObject","inLanguage":"fr-BE","@id":"https:\/\/louego.be\/product\/thule-arcos-l\/#primaryimage","url":"https:\/\/louego.be\/wp-content\/uploads\/2023\/06\/Small-ThuleArcosL_906200_EROW_H_ISO.jpg","contentUrl":"https:\/\/louego.be\/wp-content\/uploads\/2023\/06\/Small-ThuleArcosL_906200_EROW_H_ISO.jpg","width":1500,"height":1061},{"@type":"BreadcrumbList","@id":"https:\/\/louego.be\/product\/thule-arcos-l\/#breadcrumb","itemListElement":[{"@type":"ListItem","position":1,"name":"Home","item":"https:\/\/louego.be\/"},{"@type":"ListItem","position":2,"name":"Winkel","item":"https:\/\/louego.be\/winkel\/"},{"@type":"ListItem","position":3,"name":"Thule Arcos L"}]},{"@type":"WebSite","@id":"https:\/\/louego.be\/#website","url":"https:\/\/louego.be\/","name":"Louego","description":"","potentialAction":[{"@type":"SearchAction","target":{"@type":"EntryPoint","urlTemplate":"https:\/\/louego.be\/?s={search_term_string}"},"query-input":{"@type":"PropertyValueSpecification","valueRequired":true,"valueName":"search_term_string"}}],"inLanguage":"fr-BE"}]}},"_links":{"self":[{"href":"https:\/\/louego.be\/fr\/wp-json\/wp\/v2\/product\/357","targetHints":{"allow":["GET"]}}],"collection":[{"href":"https:\/\/louego.be\/fr\/wp-json\/wp\/v2\/product"}],"about":[{"href":"https:\/\/louego.be\/fr\/wp-json\/wp\/v2\/types\/product"}],"wp:featuredmedia":[{"embeddable":true,"href":"https:\/\/louego.be\/fr\/wp-json\/wp\/v2\/media\/358"}],"wp:attachment":[{"href":"https:\/\/louego.be\/fr\/wp-json\/wp\/v2\/media?parent=357"}],"wp:term":[{"taxonomy":"product_brand","embeddable":true,"href":"https:\/\/louego.be\/fr\/wp-json\/wp\/v2\/product_brand?post=357"},{"taxonomy":"product_cat","embeddable":true,"href":"https:\/\/louego.be\/fr\/wp-json\/wp\/v2\/product_cat?post=357"},{"taxonomy":"product_tag","embeddable":true,"href":"https:\/\/louego.be\/fr\/wp-json\/wp\/v2\/product_tag?post=357"}],"curies":[{"name":"wp","href":"https:\/\/api.w.org\/{rel}","templated":true}]}}