{"id":292,"date":"2023-06-13T15:50:03","date_gmt":"2023-06-13T13:50:03","guid":{"rendered":"https:\/\/louego.be\/?post_type=product&#038;p=292"},"modified":"2023-11-20T16:37:42","modified_gmt":"2023-11-20T14:37:42","slug":"thule-motion-xt-m","status":"publish","type":"product","link":"https:\/\/louego.be\/fr\/produit\/thule-motion-xt-m\/","title":{"rendered":"Thule Motion XT - M"},"content":{"rendered":"<div class=\"opgelet\">\n<div style=\"color: #ffffff;\"><strong>!! ATTENTION !!<\/strong><\/div>\n<p><em>Si un coffre de toit est lou\u00e9, l'utilisation de barres de toit est obligatoire. Ceux-ci peuvent \u00e9galement \u00eatre lou\u00e9s sur le site. <\/em><\/p>\n<\/div>","protected":false},"excerpt":{"rendered":"<p>Si un coffre de toit est lou\u00e9, l'utilisation de barres de toit est obligatoire. Ceux-ci peuvent \u00e9galement \u00eatre lou\u00e9s sur le site.<\/p>","protected":false},"featured_media":238,"template":"","meta":{"_acf_changed":false},"product_brand":[],"product_cat":[30,29],"product_tag":[],"class_list":{"0":"post-292","1":"product","2":"type-product","3":"status-publish","4":"has-post-thumbnail","6":"product_cat-400-l","7":"product_cat-dakkoffer","9":"first","10":"instock","11":"sold-individually","12":"shipping-taxable","13":"purchasable","14":"product-type-simple"},"exclude_global_add_ons":false,"addons":[{"name":"Options","type":"checkbox","position":0,"required":false,"title_format":"hide","default":"","description_enable":true,"description":"Schoonmaak: Dit zijn de kosten voor het schoonmaken van het product voor en na het gebruik van het product.\r\nAnnulatieverzekering: Dit zijn de kosten voor de annulatieverzekering, zo kan je tot 24u voor gebruik annuleren.","placeholder_enable":false,"placeholder":"","display":"select","restrictions_type":"any_text","adjust_price":false,"price":"","price_type":"flat_fee","restrictions":false,"min":"0","max":"0","options":[{"label":"Schoonmaak","price":"10","price_type":"quantity_based","image":0,"visibility":true},{"label":"Annulatieverzekering","price":"10","price_type":"quantity_based","image":0,"visibility":true}],"id":1707303174}],"acf":[],"yoast_head":"<!-- This site is optimized with the Yoast SEO plugin v26.4 - https:\/\/yoast.com\/wordpress\/plugins\/seo\/ -->\n<title>Huur de Thule Motion XT M-dakkoffer voor extra bagage | Louego<\/title>\n<meta name=\"description\" content=\"Huur de Thule Motion XT M-dakkoffer bij Louego voor effici\u00ebnte bagageopslag tijdens uw reizen. Ervaar een perfecte balans tussen stijl en functionaliteit.\" \/>\n<meta name=\"robots\" content=\"index, follow, max-snippet:-1, max-image-preview:large, max-video-preview:-1\" \/>\n<link rel=\"canonical\" href=\"https:\/\/louego.be\/fr\/produit\/thule-motion-xt-m\/\" \/>\n<meta property=\"og:locale\" content=\"fr_FR\" \/>\n<meta property=\"og:type\" content=\"article\" \/>\n<meta property=\"og:title\" content=\"Huur de Thule Motion XT M-dakkoffer voor extra bagage | Louego\" \/>\n<meta property=\"og:description\" content=\"Huur de Thule Motion XT M-dakkoffer bij Louego voor effici\u00ebnte bagageopslag tijdens uw reizen. Ervaar een perfecte balans tussen stijl en functionaliteit.\" \/>\n<meta property=\"og:url\" content=\"https:\/\/louego.be\/fr\/produit\/thule-motion-xt-m\/\" \/>\n<meta property=\"og:site_name\" content=\"Louego\" \/>\n<meta property=\"article:modified_time\" content=\"2023-11-20T14:37:42+00:00\" \/>\n<meta property=\"og:image\" content=\"http:\/\/louego.be\/wp-content\/uploads\/2023\/06\/Small-Thule_Motion_XT_M_BlackGlossy_F01_TrunkAccess_OC_629201-2.jpg\" \/>\n\t<meta property=\"og:image:width\" content=\"1500\" \/>\n\t<meta property=\"og:image:height\" content=\"1065\" \/>\n\t<meta property=\"og:image:type\" content=\"image\/jpeg\" \/>\n<meta name=\"twitter:card\" content=\"summary_large_image\" \/>\n<meta name=\"twitter:label1\" content=\"Dur\u00e9e de lecture est.\" \/>\n\t<meta name=\"twitter:data1\" content=\"1 minute\" \/>\n<script type=\"application\/ld+json\" class=\"yoast-schema-graph\">{\"@context\":\"https:\/\/schema.org\",\"@graph\":[{\"@type\":\"WebPage\",\"@id\":\"https:\/\/louego.be\/product\/thule-motion-xt-m\/\",\"url\":\"https:\/\/louego.be\/product\/thule-motion-xt-m\/\",\"name\":\"Huur de Thule Motion XT M-dakkoffer voor extra bagage | Louego\",\"isPartOf\":{\"@id\":\"https:\/\/louego.be\/#website\"},\"primaryImageOfPage\":{\"@id\":\"https:\/\/louego.be\/product\/thule-motion-xt-m\/#primaryimage\"},\"image\":{\"@id\":\"https:\/\/louego.be\/product\/thule-motion-xt-m\/#primaryimage\"},\"thumbnailUrl\":\"https:\/\/louego.be\/wp-content\/uploads\/2023\/06\/Small-Thule_Motion_XT_M_BlackGlossy_F01_TrunkAccess_OC_629201-2.jpg\",\"datePublished\":\"2023-06-13T13:50:03+00:00\",\"dateModified\":\"2023-11-20T14:37:42+00:00\",\"description\":\"Huur de Thule Motion XT M-dakkoffer bij Louego voor effici\u00ebnte bagageopslag tijdens uw reizen. Ervaar een perfecte balans tussen stijl en functionaliteit.\",\"breadcrumb\":{\"@id\":\"https:\/\/louego.be\/product\/thule-motion-xt-m\/#breadcrumb\"},\"inLanguage\":\"fr-BE\",\"potentialAction\":[{\"@type\":\"ReadAction\",\"target\":[\"https:\/\/louego.be\/product\/thule-motion-xt-m\/\"]}]},{\"@type\":\"ImageObject\",\"inLanguage\":\"fr-BE\",\"@id\":\"https:\/\/louego.be\/product\/thule-motion-xt-m\/#primaryimage\",\"url\":\"https:\/\/louego.be\/wp-content\/uploads\/2023\/06\/Small-Thule_Motion_XT_M_BlackGlossy_F01_TrunkAccess_OC_629201-2.jpg\",\"contentUrl\":\"https:\/\/louego.be\/wp-content\/uploads\/2023\/06\/Small-Thule_Motion_XT_M_BlackGlossy_F01_TrunkAccess_OC_629201-2.jpg\",\"width\":1500,\"height\":1065},{\"@type\":\"BreadcrumbList\",\"@id\":\"https:\/\/louego.be\/product\/thule-motion-xt-m\/#breadcrumb\",\"itemListElement\":[{\"@type\":\"ListItem\",\"position\":1,\"name\":\"Home\",\"item\":\"https:\/\/louego.be\/\"},{\"@type\":\"ListItem\",\"position\":2,\"name\":\"Winkel\",\"item\":\"https:\/\/louego.be\/winkel\/\"},{\"@type\":\"ListItem\",\"position\":3,\"name\":\"Thule Motion XT &#8211; M\"}]},{\"@type\":\"WebSite\",\"@id\":\"https:\/\/louego.be\/#website\",\"url\":\"https:\/\/louego.be\/\",\"name\":\"Louego\",\"description\":\"\",\"potentialAction\":[{\"@type\":\"SearchAction\",\"target\":{\"@type\":\"EntryPoint\",\"urlTemplate\":\"https:\/\/louego.be\/?s={search_term_string}\"},\"query-input\":{\"@type\":\"PropertyValueSpecification\",\"valueRequired\":true,\"valueName\":\"search_term_string\"}}],\"inLanguage\":\"fr-BE\"}]}<\/script>\n<!-- \/ Yoast SEO plugin. -->","yoast_head_json":{"title":"Louer le coffre de toit Thule Motion XT M | Louego","description":"Louez le coffre de toit Thule Motion XT M chez Louego pour un rangement efficace lors de vos voyages. Trouvez le parfait \u00e9quilibre entre style et fonctionnalit\u00e9.","robots":{"index":"index","follow":"follow","max-snippet":"max-snippet:-1","max-image-preview":"max-image-preview:large","max-video-preview":"max-video-preview:-1"},"canonical":"https:\/\/louego.be\/fr\/produit\/thule-motion-xt-m\/","og_locale":"fr_FR","og_type":"article","og_title":"Huur de Thule Motion XT M-dakkoffer voor extra bagage | Louego","og_description":"Huur de Thule Motion XT M-dakkoffer bij Louego voor effici\u00ebnte bagageopslag tijdens uw reizen. Ervaar een perfecte balans tussen stijl en functionaliteit.","og_url":"https:\/\/louego.be\/fr\/produit\/thule-motion-xt-m\/","og_site_name":"Louego","article_modified_time":"2023-11-20T14:37:42+00:00","og_image":[{"width":1500,"height":1065,"url":"http:\/\/louego.be\/wp-content\/uploads\/2023\/06\/Small-Thule_Motion_XT_M_BlackGlossy_F01_TrunkAccess_OC_629201-2.jpg","type":"image\/jpeg"}],"twitter_card":"summary_large_image","twitter_misc":{"Dur\u00e9e de lecture est.":"1 minute"},"schema":{"@context":"https:\/\/schema.org","@graph":[{"@type":"WebPage","@id":"https:\/\/louego.be\/product\/thule-motion-xt-m\/","url":"https:\/\/louego.be\/product\/thule-motion-xt-m\/","name":"Louer le coffre de toit Thule Motion XT M | Louego","isPartOf":{"@id":"https:\/\/louego.be\/#website"},"primaryImageOfPage":{"@id":"https:\/\/louego.be\/product\/thule-motion-xt-m\/#primaryimage"},"image":{"@id":"https:\/\/louego.be\/product\/thule-motion-xt-m\/#primaryimage"},"thumbnailUrl":"https:\/\/louego.be\/wp-content\/uploads\/2023\/06\/Small-Thule_Motion_XT_M_BlackGlossy_F01_TrunkAccess_OC_629201-2.jpg","datePublished":"2023-06-13T13:50:03+00:00","dateModified":"2023-11-20T14:37:42+00:00","description":"Louez le coffre de toit Thule Motion XT M chez Louego pour un rangement efficace lors de vos voyages. Trouvez le parfait \u00e9quilibre entre style et fonctionnalit\u00e9.","breadcrumb":{"@id":"https:\/\/louego.be\/product\/thule-motion-xt-m\/#breadcrumb"},"inLanguage":"fr-BE","potentialAction":[{"@type":"ReadAction","target":["https:\/\/louego.be\/product\/thule-motion-xt-m\/"]}]},{"@type":"ImageObject","inLanguage":"fr-BE","@id":"https:\/\/louego.be\/product\/thule-motion-xt-m\/#primaryimage","url":"https:\/\/louego.be\/wp-content\/uploads\/2023\/06\/Small-Thule_Motion_XT_M_BlackGlossy_F01_TrunkAccess_OC_629201-2.jpg","contentUrl":"https:\/\/louego.be\/wp-content\/uploads\/2023\/06\/Small-Thule_Motion_XT_M_BlackGlossy_F01_TrunkAccess_OC_629201-2.jpg","width":1500,"height":1065},{"@type":"BreadcrumbList","@id":"https:\/\/louego.be\/product\/thule-motion-xt-m\/#breadcrumb","itemListElement":[{"@type":"ListItem","position":1,"name":"Home","item":"https:\/\/louego.be\/"},{"@type":"ListItem","position":2,"name":"Winkel","item":"https:\/\/louego.be\/winkel\/"},{"@type":"ListItem","position":3,"name":"Thule Motion XT &#8211; M"}]},{"@type":"WebSite","@id":"https:\/\/louego.be\/#website","url":"https:\/\/louego.be\/","name":"Louego","description":"","potentialAction":[{"@type":"SearchAction","target":{"@type":"EntryPoint","urlTemplate":"https:\/\/louego.be\/?s={search_term_string}"},"query-input":{"@type":"PropertyValueSpecification","valueRequired":true,"valueName":"search_term_string"}}],"inLanguage":"fr-BE"}]}},"_links":{"self":[{"href":"https:\/\/louego.be\/fr\/wp-json\/wp\/v2\/product\/292","targetHints":{"allow":["GET"]}}],"collection":[{"href":"https:\/\/louego.be\/fr\/wp-json\/wp\/v2\/product"}],"about":[{"href":"https:\/\/louego.be\/fr\/wp-json\/wp\/v2\/types\/product"}],"wp:featuredmedia":[{"embeddable":true,"href":"https:\/\/louego.be\/fr\/wp-json\/wp\/v2\/media\/238"}],"wp:attachment":[{"href":"https:\/\/louego.be\/fr\/wp-json\/wp\/v2\/media?parent=292"}],"wp:term":[{"taxonomy":"product_brand","embeddable":true,"href":"https:\/\/louego.be\/fr\/wp-json\/wp\/v2\/product_brand?post=292"},{"taxonomy":"product_cat","embeddable":true,"href":"https:\/\/louego.be\/fr\/wp-json\/wp\/v2\/product_cat?post=292"},{"taxonomy":"product_tag","embeddable":true,"href":"https:\/\/louego.be\/fr\/wp-json\/wp\/v2\/product_tag?post=292"}],"curies":[{"name":"wp","href":"https:\/\/api.w.org\/{rel}","templated":true}]}}